{"id":1985,"date":"2025-02-19T18:55:51","date_gmt":"2025-02-19T18:55:51","guid":{"rendered":"https:\/\/buenpastor.edu.pe\/web\/?page_id=1985"},"modified":"2025-02-19T19:31:14","modified_gmt":"2025-02-19T19:31:14","slug":"nuestra-historia","status":"publish","type":"page","link":"https:\/\/buenpastor.edu.pe\/web\/nuestra-historia\/","title":{"rendered":"Nuestra Historia"},"content":{"rendered":"\t\t<div data-elementor-type=\"wp-page\" data-elementor-id=\"1985\" class=\"elementor elementor-1985\">\n\t\t\t\t\t\t<section class=\"elementor-section elementor-top-section elementor-element elementor-element-cd20180 elementor-section-boxed elementor-section-height-default elementor-section-height-default row-top\" data-id=\"cd20180\" data-element_type=\"section\" data-e-type=\"section\">\n\t\t\t\t\t\t<div class=\"elementor-container elementor-column-gap-default\">\n\t\t\t\t\t<div class=\"elementor-column elementor-col-50 elementor-top-column elementor-element elementor-element-112e054 column-style-top\" data-id=\"112e054\" data-element_type=\"column\" data-e-type=\"column\">\n\t\t\t<div class=\"elementor-widget-wrap elementor-element-populated\">\n\t\t\t\t\t\t<div class=\"elementor-element elementor-element-2ee190e elementor-widget elementor-widget-gva-heading-block\" data-id=\"2ee190e\" data-element_type=\"widget\" data-e-type=\"widget\" data-widget_type=\"gva-heading-block.default\">\n\t\t\t\t<div class=\"elementor-widget-container\">\n\t\t\t\t\t<div class=\"gva-element-gva-heading-block gva-element\">   <div class=\"align-left style-1 widget gsc-heading box-align-left auto-responsive\">\r\n      <div class=\"content-inner\">\r\n         \r\n                  \r\n                     <div class=\"sub-title\"><span>Nuestra<\/span><\/div>\r\n           \r\n         \r\n                     <h2 class=\"title\">\r\n               <span>Historia<\/span>\r\n            <\/h2>\r\n                  \r\n         \r\n      <\/div>\r\n   <\/div>\r\n<\/div>\t\t\t\t<\/div>\n\t\t\t\t<\/div>\n\t\t\t\t\t<\/div>\n\t\t<\/div>\n\t\t\t\t<div class=\"elementor-column elementor-col-50 elementor-top-column elementor-element elementor-element-4be8df2 column-style-top\" data-id=\"4be8df2\" data-element_type=\"column\" data-e-type=\"column\">\n\t\t\t<div class=\"elementor-widget-wrap elementor-element-populated\">\n\t\t\t\t\t\t<div class=\"elementor-element elementor-element-167196e elementor-widget elementor-widget-text-editor\" data-id=\"167196e\" data-element_type=\"widget\" data-e-type=\"widget\" data-widget_type=\"text-editor.default\">\n\t\t\t\t<div class=\"elementor-widget-container\">\n\t\t\t\t\t\t\t\t\t<p>Nuestra instituci\u00f3n fue fundada por el Lic. Hilario Ari Condori y su esposa Sra. Alicia Herminia Arapa Chambi y se materializ\u00f3 un 23 de abril de 2001 con la Resoluci\u00f3n Directoral N\u00b0 2506-2001-DREP bajo la denominaci\u00f3n de IE Buen Pastor para brindar servicios educativos en los niveles de: inicial, primaria y secundaria; e impartir educaci\u00f3n integral enfatizando la pr\u00e1ctica de valores cristianos en el desarrollo del estudiante como persona, capaz de tomar decisiones y solucionar problemas con imaginaci\u00f3n y originalidad,<\/p><p>En agosto de 2005 bajo la R.D. N\u00ba 795-2005-UGEL-SR adoptamos la denominaci\u00f3n de COLEGIO DE CIENCIAS.<\/p><p>En el a\u00f1o 2007 nos trasladamos a nuestro local propio ubicado en el Jr. San Mart\u00edn 421 nuestra sede principal.<\/p><p>Desde nuestra fundaci\u00f3n adoptamos el lema: FE, CIENCIA, ESTUDIO Y DISCIPLINA, que se ha convertido en nuestra motivaci\u00f3n, reto y pr\u00e1ctica diaria de nuestros estudiantes.<\/p>\t\t\t\t\t\t\t\t<\/div>\n\t\t\t\t<\/div>\n\t\t\t\t\t<\/div>\n\t\t<\/div>\n\t\t\t\t\t<\/div>\n\t\t<\/section>\n\t\t\t\t<section class=\"elementor-section elementor-top-section elementor-element elementor-element-cfe9709 elementor-section-boxed elementor-section-height-default elementor-section-height-default row-top\" data-id=\"cfe9709\" data-element_type=\"section\" data-e-type=\"section\">\n\t\t\t\t\t\t<div class=\"elementor-container elementor-column-gap-default\">\n\t\t\t\t\t<div class=\"elementor-column elementor-col-50 elementor-top-column elementor-element elementor-element-bdc7059 column-style-top\" data-id=\"bdc7059\" data-element_type=\"column\" data-e-type=\"column\">\n\t\t\t<div class=\"elementor-widget-wrap elementor-element-populated\">\n\t\t\t\t\t\t<div class=\"elementor-element elementor-element-0c16406 elementor-widget elementor-widget-image\" data-id=\"0c16406\" data-element_type=\"widget\" data-e-type=\"widget\" data-widget_type=\"image.default\">\n\t\t\t\t<div class=\"elementor-widget-container\">\n\t\t\t\t\t\t\t\t\t\t\t\t\t\t\t<img fetchpriority=\"high\" decoding=\"async\" width=\"760\" height=\"395\" src=\"https:\/\/buenpastor.edu.pe\/web\/wp-content\/uploads\/2025\/02\/imagev6-03.jpg\" class=\"attachment-full size-full wp-image-1991\" alt=\"\" srcset=\"https:\/\/buenpastor.edu.pe\/web\/wp-content\/uploads\/2025\/02\/imagev6-03.jpg 760w, https:\/\/buenpastor.edu.pe\/web\/wp-content\/uploads\/2025\/02\/imagev6-03-600x312.jpg 600w\" sizes=\"(max-width: 760px) 100vw, 760px\" \/>\t\t\t\t\t\t\t\t\t\t\t\t\t\t\t<\/div>\n\t\t\t\t<\/div>\n\t\t\t\t\t<\/div>\n\t\t<\/div>\n\t\t\t\t<div class=\"elementor-column elementor-col-50 elementor-top-column elementor-element elementor-element-b600727 column-style-top\" data-id=\"b600727\" data-element_type=\"column\" data-e-type=\"column\">\n\t\t\t<div class=\"elementor-widget-wrap elementor-element-populated\">\n\t\t\t\t\t\t<div class=\"elementor-element elementor-element-79fb8c8 elementor-widget elementor-widget-image\" data-id=\"79fb8c8\" data-element_type=\"widget\" data-e-type=\"widget\" data-widget_type=\"image.default\">\n\t\t\t\t<div class=\"elementor-widget-container\">\n\t\t\t\t\t\t\t\t\t\t\t\t\t\t\t<img decoding=\"async\" width=\"760\" height=\"395\" src=\"https:\/\/buenpastor.edu.pe\/web\/wp-content\/uploads\/2025\/02\/imagev6-04.jpg\" class=\"attachment-full size-full wp-image-1992\" alt=\"\" srcset=\"https:\/\/buenpastor.edu.pe\/web\/wp-content\/uploads\/2025\/02\/imagev6-04.jpg 760w, https:\/\/buenpastor.edu.pe\/web\/wp-content\/uploads\/2025\/02\/imagev6-04-600x312.jpg 600w\" sizes=\"(max-width: 760px) 100vw, 760px\" \/>\t\t\t\t\t\t\t\t\t\t\t\t\t\t\t<\/div>\n\t\t\t\t<\/div>\n\t\t\t\t\t<\/div>\n\t\t<\/div>\n\t\t\t\t\t<\/div>\n\t\t<\/section>\n\t\t\t\t<\/div>\n\t\t","protected":false},"excerpt":{"rendered":"<p>Nuestra Historia Nuestra instituci\u00f3n fue fundada por el Lic. Hilario Ari Condori y su esposa Sra. Alicia Herminia Arapa Chambi y se materializ\u00f3 un 23 de abril de 2001 con [&hellip;]<\/p>\n","protected":false},"author":1,"featured_media":0,"parent":0,"menu_order":0,"comment_status":"closed","ping_status":"closed","template":"","meta":{"footnotes":""},"class_list":["post-1985","page","type-page","status-publish","hentry"],"_links":{"self":[{"href":"https:\/\/buenpastor.edu.pe\/web\/wp-json\/wp\/v2\/pages\/1985","targetHints":{"allow":["GET"]}}],"collection":[{"href":"https:\/\/buenpastor.edu.pe\/web\/wp-json\/wp\/v2\/pages"}],"about":[{"href":"https:\/\/buenpastor.edu.pe\/web\/wp-json\/wp\/v2\/types\/page"}],"author":[{"embeddable":true,"href":"https:\/\/buenpastor.edu.pe\/web\/wp-json\/wp\/v2\/users\/1"}],"replies":[{"embeddable":true,"href":"https:\/\/buenpastor.edu.pe\/web\/wp-json\/wp\/v2\/comments?post=1985"}],"version-history":[{"count":7,"href":"https:\/\/buenpastor.edu.pe\/web\/wp-json\/wp\/v2\/pages\/1985\/revisions"}],"predecessor-version":[{"id":1995,"href":"https:\/\/buenpastor.edu.pe\/web\/wp-json\/wp\/v2\/pages\/1985\/revisions\/1995"}],"wp:attachment":[{"href":"https:\/\/buenpastor.edu.pe\/web\/wp-json\/wp\/v2\/media?parent=1985"}],"curies":[{"name":"wp","href":"https:\/\/api.w.org\/{rel}","templated":true}]}}