{"id":1921,"date":"2025-02-19T16:32:57","date_gmt":"2025-02-19T16:32:57","guid":{"rendered":"https:\/\/buenpastor.edu.pe\/web\/?page_id=1921"},"modified":"2025-02-19T17:36:40","modified_gmt":"2025-02-19T17:36:40","slug":"mision-y-vision","status":"publish","type":"page","link":"https:\/\/buenpastor.edu.pe\/web\/mision-y-vision\/","title":{"rendered":"Misi\u00f3n y Visi\u00f3n"},"content":{"rendered":"\t\t<div data-elementor-type=\"wp-page\" data-elementor-id=\"1921\" class=\"elementor elementor-1921\">\n\t\t\t\t\t\t<section class=\"elementor-section elementor-top-section elementor-element elementor-element-4d127c4 elementor-section-boxed elementor-section-height-default elementor-section-height-default row-top\" data-id=\"4d127c4\" data-element_type=\"section\" data-e-type=\"section\">\n\t\t\t\t\t\t<div class=\"elementor-container elementor-column-gap-default\">\n\t\t\t\t\t<div class=\"elementor-column elementor-col-100 elementor-top-column elementor-element elementor-element-ebd10a7 column-style-top\" data-id=\"ebd10a7\" data-element_type=\"column\" data-e-type=\"column\">\n\t\t\t<div class=\"elementor-widget-wrap elementor-element-populated\">\n\t\t\t\t\t\t<div class=\"elementor-element elementor-element-89c8b65 elementor-widget elementor-widget-gva-heading-block\" data-id=\"89c8b65\" data-element_type=\"widget\" data-e-type=\"widget\" data-widget_type=\"gva-heading-block.default\">\n\t\t\t\t<div class=\"elementor-widget-container\">\n\t\t\t\t\t<div class=\"gva-element-gva-heading-block gva-element\">   <div class=\"align-center style-1 widget gsc-heading box-align-left auto-responsive\">\r\n      <div class=\"content-inner\">\r\n         \r\n                  \r\n                     <div class=\"sub-title\"><span>NUESTRA<\/span><\/div>\r\n           \r\n         \r\n                     <h2 class=\"title\">\r\n               <span>Identidad <span>Institucional<span><\/span>\r\n            <\/h2>\r\n                  \r\n         \r\n      <\/div>\r\n   <\/div>\r\n<\/div>\t\t\t\t<\/div>\n\t\t\t\t<\/div>\n\t\t\t\t\t<\/div>\n\t\t<\/div>\n\t\t\t\t\t<\/div>\n\t\t<\/section>\n\t\t\t\t<section class=\"elementor-section elementor-top-section elementor-element elementor-element-7418176 elementor-section-boxed elementor-section-height-default elementor-section-height-default row-top\" data-id=\"7418176\" data-element_type=\"section\" data-e-type=\"section\">\n\t\t\t\t\t\t<div class=\"elementor-container elementor-column-gap-default\">\n\t\t\t\t\t<div class=\"elementor-column elementor-col-50 elementor-top-column elementor-element elementor-element-4e1b59c column-style-top\" data-id=\"4e1b59c\" data-element_type=\"column\" data-e-type=\"column\" data-settings=\"{&quot;background_background&quot;:&quot;slideshow&quot;,&quot;background_slideshow_gallery&quot;:[{&quot;id&quot;:1941,&quot;url&quot;:&quot;https:\\\/\\\/buenpastor.edu.pe\\\/web\\\/wp-content\\\/uploads\\\/2025\\\/02\\\/imagev2-01.jpg&quot;},{&quot;id&quot;:1942,&quot;url&quot;:&quot;https:\\\/\\\/buenpastor.edu.pe\\\/web\\\/wp-content\\\/uploads\\\/2025\\\/02\\\/imagev2-02.jpg&quot;},{&quot;id&quot;:1943,&quot;url&quot;:&quot;https:\\\/\\\/buenpastor.edu.pe\\\/web\\\/wp-content\\\/uploads\\\/2025\\\/02\\\/imagev2-03.jpg&quot;},{&quot;id&quot;:1944,&quot;url&quot;:&quot;https:\\\/\\\/buenpastor.edu.pe\\\/web\\\/wp-content\\\/uploads\\\/2025\\\/02\\\/imagev2-04.jpg&quot;},{&quot;id&quot;:1945,&quot;url&quot;:&quot;https:\\\/\\\/buenpastor.edu.pe\\\/web\\\/wp-content\\\/uploads\\\/2025\\\/02\\\/imagev2-05.jpg&quot;}],&quot;background_slideshow_transition_duration&quot;:800,&quot;background_slideshow_ken_burns&quot;:&quot;yes&quot;,&quot;background_slideshow_loop&quot;:&quot;yes&quot;,&quot;background_slideshow_slide_duration&quot;:5000,&quot;background_slideshow_slide_transition&quot;:&quot;fade&quot;,&quot;background_slideshow_ken_burns_zoom_direction&quot;:&quot;in&quot;}\">\n\t\t\t<div class=\"elementor-widget-wrap elementor-element-populated\">\n\t\t\t\t\t\t<div class=\"elementor-element elementor-element-833c3d7 elementor-widget elementor-widget-spacer\" data-id=\"833c3d7\" data-element_type=\"widget\" data-e-type=\"widget\" data-widget_type=\"spacer.default\">\n\t\t\t\t<div class=\"elementor-widget-container\">\n\t\t\t\t\t\t\t<div class=\"elementor-spacer\">\n\t\t\t<div class=\"elementor-spacer-inner\"><\/div>\n\t\t<\/div>\n\t\t\t\t\t\t<\/div>\n\t\t\t\t<\/div>\n\t\t\t\t\t<\/div>\n\t\t<\/div>\n\t\t\t\t<div class=\"elementor-column elementor-col-50 elementor-top-column elementor-element elementor-element-467be31 column-style-top\" data-id=\"467be31\" data-element_type=\"column\" data-e-type=\"column\">\n\t\t\t<div class=\"elementor-widget-wrap elementor-element-populated\">\n\t\t\t\t\t\t<section class=\"elementor-section elementor-inner-section elementor-element elementor-element-a57a7ac elementor-section-boxed elementor-section-height-default elementor-section-height-default row-top\" data-id=\"a57a7ac\" data-element_type=\"section\" data-e-type=\"section\">\n\t\t\t\t\t\t<div class=\"elementor-container elementor-column-gap-default\">\n\t\t\t\t\t<div class=\"elementor-column elementor-col-100 elementor-inner-column elementor-element elementor-element-1fcc9ff column-style-top\" data-id=\"1fcc9ff\" data-element_type=\"column\" data-e-type=\"column\">\n\t\t\t<div class=\"elementor-widget-wrap elementor-element-populated\">\n\t\t\t\t\t\t<div class=\"elementor-element elementor-element-1641c35 elementor-widget elementor-widget-gva-heading-block\" data-id=\"1641c35\" data-element_type=\"widget\" data-e-type=\"widget\" data-widget_type=\"gva-heading-block.default\">\n\t\t\t\t<div class=\"elementor-widget-container\">\n\t\t\t\t\t<div class=\"gva-element-gva-heading-block gva-element\">   <div class=\"align-left style-1 widget gsc-heading box-align-left auto-responsive\">\r\n      <div class=\"content-inner\">\r\n         \r\n                  \r\n                     <div class=\"sub-title\"><span>Nuestra<\/span><\/div>\r\n           \r\n         \r\n                     <h2 class=\"title\">\r\n               <span>Misi\u00f3n<\/span>\r\n            <\/h2>\r\n                  \r\n         \r\n      <\/div>\r\n   <\/div>\r\n<\/div>\t\t\t\t<\/div>\n\t\t\t\t<\/div>\n\t\t\t\t\t<\/div>\n\t\t<\/div>\n\t\t\t\t\t<\/div>\n\t\t<\/section>\n\t\t\t\t<div class=\"elementor-element elementor-element-3995f46 elementor-widget elementor-widget-text-editor\" data-id=\"3995f46\" data-element_type=\"widget\" data-e-type=\"widget\" data-widget_type=\"text-editor.default\">\n\t\t\t\t<div class=\"elementor-widget-container\">\n\t\t\t\t\t\t\t\t\t<p>Ser una instituci\u00f3n educativa con certificaci\u00f3n de calidad, referentes en nuestra regi\u00f3n por la formaci\u00f3n de estudiantes que practican la FE, CIENCIA, ESTUDIO y DISCIPLINA capaces de responder a los retos del mundo globalizado basados en la filosof\u00eda del I.A.S.D.<\/p>\t\t\t\t\t\t\t\t<\/div>\n\t\t\t\t<\/div>\n\t\t\t\t\t<\/div>\n\t\t<\/div>\n\t\t\t\t\t<\/div>\n\t\t<\/section>\n\t\t\t\t<section class=\"elementor-section elementor-top-section elementor-element elementor-element-2b8b33b elementor-section-boxed elementor-section-height-default elementor-section-height-default row-top\" data-id=\"2b8b33b\" data-element_type=\"section\" data-e-type=\"section\">\n\t\t\t\t\t\t<div class=\"elementor-container elementor-column-gap-default\">\n\t\t\t\t\t<div class=\"elementor-column elementor-col-50 elementor-top-column elementor-element elementor-element-91e45d8 column-style-top\" data-id=\"91e45d8\" data-element_type=\"column\" data-e-type=\"column\">\n\t\t\t<div class=\"elementor-widget-wrap elementor-element-populated\">\n\t\t\t\t\t\t<section class=\"elementor-section elementor-inner-section elementor-element elementor-element-c6beff6 elementor-section-boxed elementor-section-height-default elementor-section-height-default row-top\" data-id=\"c6beff6\" data-element_type=\"section\" data-e-type=\"section\">\n\t\t\t\t\t\t<div class=\"elementor-container elementor-column-gap-default\">\n\t\t\t\t\t<div class=\"elementor-column elementor-col-100 elementor-inner-column elementor-element elementor-element-51cd8e0 column-style-top\" data-id=\"51cd8e0\" data-element_type=\"column\" data-e-type=\"column\">\n\t\t\t<div class=\"elementor-widget-wrap elementor-element-populated\">\n\t\t\t\t\t\t<div class=\"elementor-element elementor-element-00afe12 elementor-widget elementor-widget-gva-heading-block\" data-id=\"00afe12\" data-element_type=\"widget\" data-e-type=\"widget\" data-widget_type=\"gva-heading-block.default\">\n\t\t\t\t<div class=\"elementor-widget-container\">\n\t\t\t\t\t<div class=\"gva-element-gva-heading-block gva-element\">   <div class=\"align-left style-1 widget gsc-heading box-align-left auto-responsive\">\r\n      <div class=\"content-inner\">\r\n         \r\n                  \r\n                     <div class=\"sub-title\"><span>Nuestra<\/span><\/div>\r\n           \r\n         \r\n                     <h2 class=\"title\">\r\n               <span>Visi\u00f3n<\/span>\r\n            <\/h2>\r\n                  \r\n         \r\n      <\/div>\r\n   <\/div>\r\n<\/div>\t\t\t\t<\/div>\n\t\t\t\t<\/div>\n\t\t\t\t\t<\/div>\n\t\t<\/div>\n\t\t\t\t\t<\/div>\n\t\t<\/section>\n\t\t\t\t<div class=\"elementor-element elementor-element-b67343c elementor-widget elementor-widget-text-editor\" data-id=\"b67343c\" data-element_type=\"widget\" data-e-type=\"widget\" data-widget_type=\"text-editor.default\">\n\t\t\t\t<div class=\"elementor-widget-container\">\n\t\t\t\t\t\t\t\t\t<p>Somos una instituci\u00f3n educativa privada basada en la FE en Dios, comprometidos con la sociedad, formando de manera integral a estudiantes l\u00edderes, incorporando tecnolog\u00eda, inculcando la CIENCIA, h\u00e1bitos de ESTUDIO y DISCIPLINA, que ayuden a la restauraci\u00f3n del hombre a la imagen de su creador.<\/p>\t\t\t\t\t\t\t\t<\/div>\n\t\t\t\t<\/div>\n\t\t\t\t\t<\/div>\n\t\t<\/div>\n\t\t\t\t<div class=\"elementor-column elementor-col-50 elementor-top-column elementor-element elementor-element-b6dfab7 column-style-top\" data-id=\"b6dfab7\" data-element_type=\"column\" data-e-type=\"column\" data-settings=\"{&quot;background_background&quot;:&quot;slideshow&quot;,&quot;background_slideshow_gallery&quot;:[{&quot;id&quot;:1949,&quot;url&quot;:&quot;https:\\\/\\\/buenpastor.edu.pe\\\/web\\\/wp-content\\\/uploads\\\/2025\\\/02\\\/imagev5-06.jpg&quot;},{&quot;id&quot;:1950,&quot;url&quot;:&quot;https:\\\/\\\/buenpastor.edu.pe\\\/web\\\/wp-content\\\/uploads\\\/2025\\\/02\\\/imagev5-07.jpg&quot;},{&quot;id&quot;:1951,&quot;url&quot;:&quot;https:\\\/\\\/buenpastor.edu.pe\\\/web\\\/wp-content\\\/uploads\\\/2025\\\/02\\\/imagev5-08.jpg&quot;},{&quot;id&quot;:1952,&quot;url&quot;:&quot;https:\\\/\\\/buenpastor.edu.pe\\\/web\\\/wp-content\\\/uploads\\\/2025\\\/02\\\/imagev5-09.jpg&quot;},{&quot;id&quot;:1953,&quot;url&quot;:&quot;https:\\\/\\\/buenpastor.edu.pe\\\/web\\\/wp-content\\\/uploads\\\/2025\\\/02\\\/imagev5-10.jpg&quot;}],&quot;background_slideshow_transition_duration&quot;:800,&quot;background_slideshow_ken_burns&quot;:&quot;yes&quot;,&quot;background_slideshow_loop&quot;:&quot;yes&quot;,&quot;background_slideshow_slide_duration&quot;:5000,&quot;background_slideshow_slide_transition&quot;:&quot;fade&quot;,&quot;background_slideshow_ken_burns_zoom_direction&quot;:&quot;in&quot;}\">\n\t\t\t<div class=\"elementor-widget-wrap elementor-element-populated\">\n\t\t\t\t\t\t<div class=\"elementor-element elementor-element-e7b1c4f elementor-widget elementor-widget-spacer\" data-id=\"e7b1c4f\" data-element_type=\"widget\" data-e-type=\"widget\" data-widget_type=\"spacer.default\">\n\t\t\t\t<div class=\"elementor-widget-container\">\n\t\t\t\t\t\t\t<div class=\"elementor-spacer\">\n\t\t\t<div class=\"elementor-spacer-inner\"><\/div>\n\t\t<\/div>\n\t\t\t\t\t\t<\/div>\n\t\t\t\t<\/div>\n\t\t\t\t\t<\/div>\n\t\t<\/div>\n\t\t\t\t\t<\/div>\n\t\t<\/section>\n\t\t\t\t<\/div>\n\t\t","protected":false},"excerpt":{"rendered":"<p>NUESTRA Identidad Institucional Nuestra Misi\u00f3n Ser una instituci\u00f3n educativa con certificaci\u00f3n de calidad, referentes en nuestra regi\u00f3n por la formaci\u00f3n de estudiantes que practican la FE, CIENCIA, ESTUDIO y DISCIPLINA [&hellip;]<\/p>\n","protected":false},"author":1,"featured_media":0,"parent":0,"menu_order":0,"comment_status":"closed","ping_status":"closed","template":"","meta":{"footnotes":""},"class_list":["post-1921","page","type-page","status-publish","hentry"],"_links":{"self":[{"href":"https:\/\/buenpastor.edu.pe\/web\/wp-json\/wp\/v2\/pages\/1921","targetHints":{"allow":["GET"]}}],"collection":[{"href":"https:\/\/buenpastor.edu.pe\/web\/wp-json\/wp\/v2\/pages"}],"about":[{"href":"https:\/\/buenpastor.edu.pe\/web\/wp-json\/wp\/v2\/types\/page"}],"author":[{"embeddable":true,"href":"https:\/\/buenpastor.edu.pe\/web\/wp-json\/wp\/v2\/users\/1"}],"replies":[{"embeddable":true,"href":"https:\/\/buenpastor.edu.pe\/web\/wp-json\/wp\/v2\/comments?post=1921"}],"version-history":[{"count":20,"href":"https:\/\/buenpastor.edu.pe\/web\/wp-json\/wp\/v2\/pages\/1921\/revisions"}],"predecessor-version":[{"id":1956,"href":"https:\/\/buenpastor.edu.pe\/web\/wp-json\/wp\/v2\/pages\/1921\/revisions\/1956"}],"wp:attachment":[{"href":"https:\/\/buenpastor.edu.pe\/web\/wp-json\/wp\/v2\/media?parent=1921"}],"curies":[{"name":"wp","href":"https:\/\/api.w.org\/{rel}","templated":true}]}}