{"id":1484,"date":"2025-02-06T00:17:26","date_gmt":"2025-02-06T00:17:26","guid":{"rendered":"https:\/\/buenpastor.edu.pe\/web\/?page_id=1484"},"modified":"2025-02-12T23:35:55","modified_gmt":"2025-02-12T23:35:55","slug":"politicas-privacidad","status":"publish","type":"page","link":"https:\/\/buenpastor.edu.pe\/web\/politicas-privacidad\/","title":{"rendered":"politicas privacidad"},"content":{"rendered":"\t\t<div data-elementor-type=\"wp-page\" data-elementor-id=\"1484\" class=\"elementor elementor-1484\">\n\t\t\t\t\t\t<section class=\"elementor-section elementor-top-section elementor-element elementor-element-cd20180 elementor-section-boxed elementor-section-height-default elementor-section-height-default row-top\" data-id=\"cd20180\" data-element_type=\"section\" data-e-type=\"section\">\n\t\t\t\t\t\t<div class=\"elementor-container elementor-column-gap-default\">\n\t\t\t\t\t<div class=\"elementor-column elementor-col-100 elementor-top-column elementor-element elementor-element-112e054 column-style-top\" data-id=\"112e054\" data-element_type=\"column\" data-e-type=\"column\">\n\t\t\t<div class=\"elementor-widget-wrap elementor-element-populated\">\n\t\t\t\t\t\t<div class=\"elementor-element elementor-element-2ee190e elementor-widget elementor-widget-gva-heading-block\" data-id=\"2ee190e\" data-element_type=\"widget\" data-e-type=\"widget\" data-widget_type=\"gva-heading-block.default\">\n\t\t\t\t<div class=\"elementor-widget-container\">\n\t\t\t\t\t<div class=\"gva-element-gva-heading-block gva-element\">   <div class=\"align-left style-1 widget gsc-heading box-align-left auto-responsive\">\r\n      <div class=\"content-inner\">\r\n         \r\n                  \r\n                     <div class=\"sub-title\"><span>Pol\u00edticas de Privacidad<\/span><\/div>\r\n           \r\n         \r\n                     <h2 class=\"title\">\r\n               <span>Protecci\u00f3n de Datos Personales<\/span>\r\n            <\/h2>\r\n                  \r\n         \r\n      <\/div>\r\n   <\/div>\r\n<\/div>\t\t\t\t<\/div>\n\t\t\t\t<\/div>\n\t\t\t\t<div class=\"elementor-element elementor-element-167196e elementor-widget elementor-widget-text-editor\" data-id=\"167196e\" data-element_type=\"widget\" data-e-type=\"widget\" data-widget_type=\"text-editor.default\">\n\t\t\t\t<div class=\"elementor-widget-container\">\n\t\t\t\t\t\t\t\t\t<p><b>I. INTRODUCCI\u00d3N<\/b><\/p><p>1. La presente Pol\u00edtica de Protecci\u00f3n de Datos Personales Buen Pastor, describe el tratamiento que nuestra instituci\u00f3n (en adelante Buen Pastor) brinda a los datos personales que recopila de los usuarios en su portal web. Dicha pol\u00edtica se ajusta a las disposiciones contenidas en la Ley de Protecci\u00f3n de Datos Personales, Ley N\u00b0 29733, su reglamento y normas complementarias, adoptando para ello las medidas t\u00e9cnicas y organizativas necesarias para evitar la p\u00e9rdida, mal uso, alteraci\u00f3n, acceso no autorizado y robo de los datos personales facilitados por los titulares de datos personales.<\/p><p><b>II. DEFINICIONES<\/b><\/p><p>2. De acuerdo con la Ley N\u00b0 29733 \u2013 Ley de Protecci\u00f3n de Datos Personales y su Reglamento, aprobado por el Decreto Supremo No. 003-2013-JUS, se define lo siguiente:<br \/>a) Datos personales: toda informaci\u00f3n sobre una persona natural que la identifica o hace identificable a trav\u00e9s de medios que pueden ser razonablemente utilizados.<br \/>b) Tratamiento de datos personales: cualquier operaci\u00f3n o procedimiento t\u00e9cnico, automatizado o no, que permite la recopilaci\u00f3n, registro, organizaci\u00f3n, almacenamiento, conservaci\u00f3n, elaboraci\u00f3n, modificaci\u00f3n, extracci\u00f3n, consulta, utilizaci\u00f3n, bloqueo, supresi\u00f3n, comunicaci\u00f3n por transferencia o por difusi\u00f3n o cualquier otra forma de procesamiento que facilite el acceso, correlaci\u00f3n o interconexi\u00f3n de los datos personales.<\/p><p><b>III. CONSENTIMIENTO DEL USUARIO<\/b><\/p><p>3. Buen Pastor se obliga a que de los datos personales obtenidos a trav\u00e9s de formularios del portal web, cuenten previamente con el consentimiento expreso del titular para recopilar su informaci\u00f3n, los cuales ser\u00e1n tratados \u00fanica y espec\u00edficamente para la finalidad solicitada.<\/p><p><b>IV. TRATAMIENTOS DE DATOS PERSONALES<\/b><\/p><p>4. Los datos personales facilitados por el Usuario se almacenar\u00e1n en los bancos de datos que forman parte del sistema de informaci\u00f3n del Buen Pastor y ser\u00e1n tratados para poder llevar a cabo sus finalidades.<br \/>5. Buen Pastor no emplear\u00e1 los datos personales del Usuario para ninguna finalidad distinta a la que fueron suministrados, a no ser que se trate de una finalidad expresamente permitida o exigida por la normativa vigente aplicable, por orden judicial o una autoridad competente.<br \/>6. Buen Pastor\u00a0no compartir\u00e1 ni ceder\u00e1 a terceros alg\u00fan dato personal del Usuario sin el consentimiento previo y expreso de este \u00faltimo, salvo cuando dicha comunicaci\u00f3n sea exigida por la legislaci\u00f3n vigente, por orden judicial o por una autoridad competente.<br \/>7. El portal web deBuen Pastor\u00a0puede ofrecer enlaces (links) para acceder a otros portales web que no son parte de aquellos. Es responsabilidad del Usuario revisar las pol\u00edticas de privacidad en dichos portales web para verificar el nivel de protecci\u00f3n de sus datos personales en ese ambiente, lo que es ajeno a la responsabilidad de Buen Pastor.<\/p><p><b>V. MEDIDAS DE SEGURIDAD<\/b><\/p><p>8. Buen Pastor\u00a0se compromete a brindar todas las medidas t\u00e9cnicas, legales y administrativas necesarias para garantizar la seguridad y confidencialidad de los datos personales; los cuales ser\u00e1n tratados considerando los principios de legalidad, consentimiento, proporcionalidad, calidad, seguridad y los dem\u00e1s presentes en la normativa vigente referente a protecci\u00f3n de datos personales, evitando que estos sean filtrados, difundidos o cualquier acci\u00f3n que ponga en peligro su informaci\u00f3n personal.<\/p><p><b>VI. RESPONSABILIDADES<\/b><\/p><p>9. Buen Pastor\u00a0asume que los datos personales proporcionados por el Usuario deben ser verdaderos, completos, exactos, vigentes y, corresponder a su verdadera identidad. Para cualquier modificaci\u00f3n, el Usuario ser\u00e1 responsable de comunicar inmediatamente a Buen Pastor.<br \/>10. El Usuario asumir\u00e1 las responsabilidades por los da\u00f1os y perjuicios, directo o indirecto que genere a Buen Pastor\u00a0y\/o terceros por incumplir total o parcialmente lo se\u00f1alado en el punto anterior.<\/p><p><b>VII. EJERCICIO DE LOS DERECHOS DE ACCESO, RECTIFICACI\u00d3N, CANCELACI\u00d3N Y OPOSICI\u00d3N (ARCO).<\/b><\/p><p>11. Buen Pastor\u00a0debe garantizar la atenci\u00f3n de los derechos protegidos que pueda ejercer el Titular de los Datos Personales, para lo cual deber\u00e1 mantener disponibles canales, procedimientos e informaci\u00f3n para atender las solicitudes en los plazos establecidos por las Normas de Protecci\u00f3n de Datos Personales.<br \/>12. El Usuario podr\u00e1 ejercitar sus derechos de Informaci\u00f3n, Acceso, Rectificaci\u00f3n, Cancelaci\u00f3n, Revocaci\u00f3n, Oposici\u00f3n, etc. (ARCO) al uso de sus datos personales, de conformidad con la Ley de Protecci\u00f3n de Datos Personales, Ley N\u00b0 29733. En ese sentido, el Usuario tiene derecho, entre otros, a acceder a su informaci\u00f3n personal, a solicitar la rectificaci\u00f3n de datos inexactos y a revocar su consentimiento para el tratamiento de la misma; asimismo, podr\u00e1 solicitar la supresi\u00f3n de sus datos u oponerse al tratamiento de los mismos, incluso cuando estos ya no resulten necesarios para los fines que motivaron su recopilaci\u00f3n.<br \/>13. El ejercicio de estos derechos es gratuito. Para ello, puede dirigirse por correo electr\u00f3nico a secretaria@buenpastor.edu.pe adjuntando su solicitud y copia del documento de identidad (DNI\/CE\/Pasaporte) que acredite su titularidad sobre los datos personales respecto de los cuales ejercer\u00e1 su derecho. Tambi\u00e9n podr\u00e1 hacerlo en cualquiera de nuestras oficinas ubicadas en el pa\u00eds. Si utiliza un representante legal, \u00e9ste deber\u00e1 acreditarse como tal.<br \/>14. La atenci\u00f3n de la solicitud ser\u00e1 efectuada de acuerdo a los plazos previstos en la normatividad de protecci\u00f3n de datos personales.<\/p><p><b>VIII. CAMBIOS DE POLITICA DE PRIVACIDAD<\/b><\/p><p>15. Buen Pastor\u00a0se reserva el derecho de modificar y\/o actualizar la presente Pol\u00edtica de Privacidad con fines de mejora, ya sea para adaptarla a futuros cambios que pueda requerir el marco normativo vigente, brindar una mejor calidad de servicio o comunicar nuevas alternativas relacionadas a la presente Pol\u00edtica. Es responsabilidad del Usuario mantenerse informado sobre los cambios que se introduzcan a esta Pol\u00edtica de Privacidad publicando en este Sitio la versi\u00f3n actualizada o modificada de la misma.<\/p>\t\t\t\t\t\t\t\t<\/div>\n\t\t\t\t<\/div>\n\t\t\t\t\t<\/div>\n\t\t<\/div>\n\t\t\t\t\t<\/div>\n\t\t<\/section>\n\t\t\t\t<\/div>\n\t\t","protected":false},"excerpt":{"rendered":"<p>Pol\u00edticas de Privacidad Protecci\u00f3n de Datos Personales I. INTRODUCCI\u00d3N 1. La presente Pol\u00edtica de Protecci\u00f3n de Datos Personales Buen Pastor, describe el tratamiento que nuestra instituci\u00f3n (en adelante Buen Pastor) [&hellip;]<\/p>\n","protected":false},"author":1,"featured_media":0,"parent":0,"menu_order":0,"comment_status":"closed","ping_status":"closed","template":"","meta":{"footnotes":""},"class_list":["post-1484","page","type-page","status-publish","hentry"],"_links":{"self":[{"href":"https:\/\/buenpastor.edu.pe\/web\/wp-json\/wp\/v2\/pages\/1484","targetHints":{"allow":["GET"]}}],"collection":[{"href":"https:\/\/buenpastor.edu.pe\/web\/wp-json\/wp\/v2\/pages"}],"about":[{"href":"https:\/\/buenpastor.edu.pe\/web\/wp-json\/wp\/v2\/types\/page"}],"author":[{"embeddable":true,"href":"https:\/\/buenpastor.edu.pe\/web\/wp-json\/wp\/v2\/users\/1"}],"replies":[{"embeddable":true,"href":"https:\/\/buenpastor.edu.pe\/web\/wp-json\/wp\/v2\/comments?post=1484"}],"version-history":[{"count":20,"href":"https:\/\/buenpastor.edu.pe\/web\/wp-json\/wp\/v2\/pages\/1484\/revisions"}],"predecessor-version":[{"id":1901,"href":"https:\/\/buenpastor.edu.pe\/web\/wp-json\/wp\/v2\/pages\/1484\/revisions\/1901"}],"wp:attachment":[{"href":"https:\/\/buenpastor.edu.pe\/web\/wp-json\/wp\/v2\/media?parent=1484"}],"curies":[{"name":"wp","href":"https:\/\/api.w.org\/{rel}","templated":true}]}}